{"id":930,"date":"2022-07-04T10:03:28","date_gmt":"2022-07-04T08:03:28","guid":{"rendered":"https:\/\/sam-sante.org\/?page_id=930"},"modified":"2026-02-04T13:29:21","modified_gmt":"2026-02-04T12:29:21","slug":"bilans-de-sante-preventifs-et-reponses-curatives","status":"publish","type":"page","link":"https:\/\/ugessap.org\/?page_id=930","title":{"rendered":"Bilans de sant\u00e9 pr\u00e9ventifs (et r\u00e9ponses curatives)"},"content":{"rendered":"\n<div class=\"wp-block-columns alignfull\">\n<div class=\"wp-block-column\" style=\"flex-basis:50%\">\n<div class=\"wp-block-cover is-light\" style=\"min-height:473px\"><span aria-hidden=\"true\" class=\"has-background-dim-100 wp-block-cover__gradient-background has-background-dim\" style=\"background-color:#f6f6f6\"><\/span><div class=\"wp-block-cover__inner-container\">\n<div class=\"wp-block-image\"><figure class=\"aligncenter size-full\"><img loading=\"lazy\" width=\"605\" height=\"806\" src=\"https:\/\/sam-sante.org\/wp-content\/uploads\/2022\/06\/Image2.jpg\" alt=\"\" class=\"wp-image-839\" srcset=\"https:\/\/ugessap.org\/wp-content\/uploads\/2022\/06\/Image2.jpg 605w, https:\/\/ugessap.org\/wp-content\/uploads\/2022\/06\/Image2-225x300.jpg 225w\" sizes=\"(max-width: 605px) 100vw, 605px\" \/><\/figure><\/div>\n<\/div><\/div>\n<\/div>\n\n\n\n<div class=\"wp-block-column is-vertically-aligned-center\" style=\"padding-top:1em;padding-right:1em;padding-bottom:1em;padding-left:1em\">\n<div class=\"wp-block-columns\">\n<div class=\"wp-block-column\" style=\"flex-basis:320px\">\n<p>Le contexte n\u00e9cessite souvent la projection de nos \u00e9quipes m\u00e9dicalis\u00e9es au sein d\u2019\u00e9tablissements et services sociaux et m\u00e9dico-sociaux (<strong>ESSMS<\/strong>), voire dans des h\u00f4tels.<\/p>\n\n\n\n<p>Que ce soit dans une d\u00e9marche pr\u00e9ventive \u00ab&nbsp;d\u2019aller-vers&nbsp;\u00bb ou en r\u00e9ponse aux difficult\u00e9s formul\u00e9es par des collectifs sans acc\u00e8s \u00e0 l\u2019offre de soins du droit commun, nos \u00e9quipes r\u00e9alisent des soins primaires tels que :<\/p>\n<\/div>\n<\/div>\n<\/div>\n<\/div>\n\n\n\n<ul><li>des actions de <strong>pr\u00e9vention <\/strong>et de promotion \u00e0 la sant\u00e9<\/li><li>des <strong>bilans de sant\u00e9<\/strong> individuels<\/li><li>des <strong>soins <\/strong>m\u00e9dicaux et param\u00e9dicaux<\/li><\/ul>\n\n\n\n<p>Lorsque la prise en charge n\u2019est pas r\u00e9alisable sur place, les b\u00e9n\u00e9ficiaires sont imm\u00e9diatement orient\u00e9s vers une r\u00e9ponse adapt\u00e9e.\u00a0<strong>Le but est d\u2019\u00e9viter les ruptures de soins et donc des prises en charges avanc\u00e9es plus complexes<\/strong>.<\/p>\n\n\n\n<p><\/p>\n","protected":false},"excerpt":{"rendered":"<p>Le contexte n\u00e9cessite souvent la projection de nos \u00e9quipes m\u00e9dicalis\u00e9es au sein d\u2019\u00e9tablissements et services sociaux et m\u00e9dico-sociaux (ESSMS), voire dans des h\u00f4tels. Que ce soit dans une d\u00e9marche pr\u00e9ventive \u00ab&nbsp;d\u2019aller-vers&nbsp;\u00bb ou en r\u00e9ponse aux difficult\u00e9s formul\u00e9es par des collectifs sans acc\u00e8s \u00e0 l\u2019offre de soins du droit commun, nos \u00e9quipes r\u00e9alisent des soins primaires &hellip; <\/p>\n<p class=\"link-more\"><a href=\"https:\/\/ugessap.org\/?page_id=930\" class=\"more-link\">Continuer la lecture<span class=\"screen-reader-text\"> de &laquo;&nbsp;Bilans de sant\u00e9 pr\u00e9ventifs (et r\u00e9ponses curatives)&nbsp;&raquo;<\/span><\/a><\/p>\n","protected":false},"author":1,"featured_media":0,"parent":0,"menu_order":0,"comment_status":"closed","ping_status":"closed","template":"","meta":[],"_links":{"self":[{"href":"https:\/\/ugessap.org\/index.php?rest_route=\/wp\/v2\/pages\/930"}],"collection":[{"href":"https:\/\/ugessap.org\/index.php?rest_route=\/wp\/v2\/pages"}],"about":[{"href":"https:\/\/ugessap.org\/index.php?rest_route=\/wp\/v2\/types\/page"}],"author":[{"embeddable":true,"href":"https:\/\/ugessap.org\/index.php?rest_route=\/wp\/v2\/users\/1"}],"replies":[{"embeddable":true,"href":"https:\/\/ugessap.org\/index.php?rest_route=%2Fwp%2Fv2%2Fcomments&post=930"}],"version-history":[{"count":14,"href":"https:\/\/ugessap.org\/index.php?rest_route=\/wp\/v2\/pages\/930\/revisions"}],"predecessor-version":[{"id":1101,"href":"https:\/\/ugessap.org\/index.php?rest_route=\/wp\/v2\/pages\/930\/revisions\/1101"}],"wp:attachment":[{"href":"https:\/\/ugessap.org\/index.php?rest_route=%2Fwp%2Fv2%2Fmedia&parent=930"}],"curies":[{"name":"wp","href":"https:\/\/api.w.org\/{rel}","templated":true}]}}