{"id":556,"date":"2022-06-15T15:13:47","date_gmt":"2022-06-15T13:13:47","guid":{"rendered":"https:\/\/sam-sante.org\/?page_id=556"},"modified":"2026-02-04T17:32:15","modified_gmt":"2026-02-04T16:32:15","slug":"covid-19","status":"publish","type":"page","link":"https:\/\/ugessap.org\/?page_id=556","title":{"rendered":"les centres de sant\u00e9 polyvalents"},"content":{"rendered":"\n<p><\/p>\n\n\n\n<p><\/p>\n\n\n\n<p class=\"has-text-align-center has-vivid-cyan-blue-color has-text-color has-large-font-size\"><strong>Montoir de Bretagne<\/strong><\/p>\n\n\n\n<p>&nbsp; L\u2019\u00e9quipe du <strong>Centre de Sant\u00e9 Polyvalent de Montoir de Bretagne<\/strong> accueille les patients sur rendez-vous, au 2 rue du Berry, b\u00e2timent \u00ab\u00a0m\u00e9decins\u00a0\u00bb pour :<\/p>\n\n\n\n<p>&#8211; des <strong>consultations et soins infirmiers<\/strong> (bilans de pr\u00e9vention, prises de sang, pansements, \u00e9ducation th\u00e9rapeutique, prescriptions et vaccination, analyses urinaires, soins techniques, etc.)<\/p>\n\n\n\n<p>&#8211; des <strong>consultations \/ examens de m\u00e9decine vasculaire<\/strong> (\u00e9chodopplers, marquages, consultations de plaie chronique, pressoth\u00e9rapie, urgence phl\u00e9bite, etc.)<\/p>\n\n\n\n<p>&#8211; des <strong>consultations \/ soins en m\u00e9decine g\u00e9n\u00e9rale <\/strong>(possibilit\u00e9s de spirom\u00e9trie, \u00e9lectrocardiogramme, \u00e9chographie, &#8230;). Le suivi en m\u00e9decine g\u00e9n\u00e9rale est organis\u00e9 au b\u00e9n\u00e9fice des patients domicili\u00e9s sur le territoire d\u2019intervention du CSP, selon les modalit\u00e9s d\u00e9finies par le projet de sant\u00e9 (= adresse CPAM), avec un parcours d\u00e9di\u00e9 pour les enfants (visites obligatoires de l&rsquo;enfant, consultations maladie, &#8230;).<\/p>\n\n\n\n<p>&#8211; un service d\u2019acc\u00e8s aux soins non programm\u00e9s avec des cr\u00e9neaux d\u2019<strong>urgence en soins infirmiers et en m\u00e9decine g\u00e9n\u00e9rale<\/strong>. Dans ce cadre, il n\u2019y pas de restriction sur les communes de r\u00e9sidence&nbsp;: l\u2019acc\u00e8s \u00e0 ces cr\u00e9neaux s\u2019effectue apr\u00e8s r\u00e9gulation m\u00e9dicale, via le SAMU \u2013 Centre 15 en journ\u00e9e (8h\u201320h) et le 116 117 en soir\u00e9e, la nuit et les week-ends, notamment pour les patients ne b\u00e9n\u00e9ficiant pas d\u2019un suivi habituel au sein du centre.<\/p>\n\n\n\n<p>&nbsp; De plus, l\u2019\u00e9quipe r\u00e9alise \u00e9galement une permanence mobile pour les soins non programm\u00e9s au domicile (<strong>situation de secours et soins d&rsquo;urgence, certificat de d\u00e9c\u00e8s<\/strong>, etc)<\/p>\n\n\n\n<p><strong>demande de mobilisation urgente (24h\/24 7j\/7) : 09 83 62 68 50<\/strong> (num\u00e9ro non surtax\u00e9)<\/p>\n\n\n\n<p><strong>demande de rendez vous en ligne<\/strong> : <a rel=\"noreferrer noopener\" href=\"http:\/\/polyvalent-ugessap?pid=practice-479545\" target=\"_blank\">ici sur doctolib, page \u00e9tablissement \u00ab\u00a0ug\u00e9ssap<\/a>\u00a0\u00bb <\/p>\n\n\n\n<p><\/p>\n\n\n\n<h2><\/h2>\n\n\n\n<p><\/p>\n\n\n\n<h2><\/h2>\n\n\n\n<p class=\"has-text-align-center has-vivid-cyan-blue-color has-text-color has-large-font-size\"><strong>Saint-Malo-de-Guersac<\/strong><\/p>\n\n\n\n<p>&nbsp; L&rsquo;annexe du centre de sant\u00e9 polyvalent accueille les patients sur rendez-vous, au 2 rue du souvenir \u00e0 Saint-Malo-de-Guersac,  pour :<\/p>\n\n\n\n<p>&#8211; des <strong>consultations et soins infirmiers<\/strong> (bilans de pr\u00e9vention,  \u00e9ducation th\u00e9rapeutique, prescriptions et vaccination, analyses urinaires, soins techniques, etc.)<\/p>\n\n\n\n<p>&#8211; des <strong>consultations \/ soins en m\u00e9decine g\u00e9n\u00e9rale <\/strong>(possibilit\u00e9 d&rsquo; \u00e9lectrocardiogramme). Le suivi en m\u00e9decine g\u00e9n\u00e9rale est organis\u00e9 au b\u00e9n\u00e9fice des patients domicili\u00e9s sur le territoire d\u2019intervention du CSP, selon les modalit\u00e9s d\u00e9finies par le projet de sant\u00e9 (= adresse CPAM).<\/p>\n\n\n\n<p>&#8211; un service d\u2019acc\u00e8s aux soins non programm\u00e9s avec des cr\u00e9neaux d\u2019<strong>urgence en soins infirmiers et en m\u00e9decine g\u00e9n\u00e9rale<\/strong>. Dans ce cadre, il n\u2019y pas de restriction sur les communes de r\u00e9sidence&nbsp;: l\u2019acc\u00e8s \u00e0 ces cr\u00e9neaux s\u2019effectue apr\u00e8s r\u00e9gulation m\u00e9dicale, via le SAMU \u2013 Centre 15 en journ\u00e9e (8h\u201320h) et le 116 117 en soir\u00e9e, la nuit et les week-ends, notamment pour les patients ne b\u00e9n\u00e9ficiant pas d\u2019un suivi habituel au sein du centre.<\/p>\n\n\n\n<p>&nbsp; De plus, l\u2019\u00e9quipe r\u00e9alise \u00e9galement une permanence mobile pour les soins non programm\u00e9s au domicile (<strong>situation de secours et soins d&rsquo;urgence, certificat de d\u00e9c\u00e8s<\/strong>, etc)<\/p>\n\n\n\n<p><strong>demande de mobilisation urgente (24h\/24 7j\/7) : 09 83 62 68 50<\/strong> (num\u00e9ro non surtax\u00e9)<\/p>\n\n\n\n<p><strong>demande de rendez vous en ligne<\/strong> : <a href=\"https:\/\/www.doctolib.fr\/centre-de-sante\/saint-malo-de-guersac\/centre-de-sante-polyvalent-ugessap?pid=practice-500038\">ici sur doctolib, page \u00e9tablissement \u00ab\u00a0ug\u00e9ssap\u00a0\u00bb<\/a> <\/p>\n\n\n\n<div style=\"height:26px\" aria-hidden=\"true\" class=\"wp-block-spacer\"><\/div>\n\n\n\n<div class=\"wp-block-columns\">\n<div class=\"wp-block-column\"><\/div>\n\n\n\n<div class=\"wp-block-column\"><\/div>\n<\/div>\n\n\n\n<hr class=\"wp-block-separator\"\/>\n\n\n\n<p><mark style=\"background-color:rgba(0, 0, 0, 0)\" class=\"has-inline-color has-white-color\">tags : covid-19 coronavirus d\u00e9pistage<\/mark><\/p>\n","protected":false},"excerpt":{"rendered":"<p>Montoir de Bretagne &nbsp; L\u2019\u00e9quipe du Centre de Sant\u00e9 Polyvalent de Montoir de Bretagne accueille les patients sur rendez-vous, au 2 rue du Berry, b\u00e2timent \u00ab\u00a0m\u00e9decins\u00a0\u00bb pour : &#8211; des consultations et soins infirmiers (bilans de pr\u00e9vention, prises de sang, pansements, \u00e9ducation th\u00e9rapeutique, prescriptions et vaccination, analyses urinaires, soins techniques, etc.) &#8211; des consultations \/ &hellip; <\/p>\n<p class=\"link-more\"><a href=\"https:\/\/ugessap.org\/?page_id=556\" class=\"more-link\">Continuer la lecture<span class=\"screen-reader-text\"> de &laquo;&nbsp;les centres de sant\u00e9 polyvalents&nbsp;&raquo;<\/span><\/a><\/p>\n","protected":false},"author":1,"featured_media":0,"parent":0,"menu_order":0,"comment_status":"closed","ping_status":"closed","template":"","meta":[],"_links":{"self":[{"href":"https:\/\/ugessap.org\/index.php?rest_route=\/wp\/v2\/pages\/556"}],"collection":[{"href":"https:\/\/ugessap.org\/index.php?rest_route=\/wp\/v2\/pages"}],"about":[{"href":"https:\/\/ugessap.org\/index.php?rest_route=\/wp\/v2\/types\/page"}],"author":[{"embeddable":true,"href":"https:\/\/ugessap.org\/index.php?rest_route=\/wp\/v2\/users\/1"}],"replies":[{"embeddable":true,"href":"https:\/\/ugessap.org\/index.php?rest_route=%2Fwp%2Fv2%2Fcomments&post=556"}],"version-history":[{"count":21,"href":"https:\/\/ugessap.org\/index.php?rest_route=\/wp\/v2\/pages\/556\/revisions"}],"predecessor-version":[{"id":1129,"href":"https:\/\/ugessap.org\/index.php?rest_route=\/wp\/v2\/pages\/556\/revisions\/1129"}],"wp:attachment":[{"href":"https:\/\/ugessap.org\/index.php?rest_route=%2Fwp%2Fv2%2Fmedia&parent=556"}],"curies":[{"name":"wp","href":"https:\/\/api.w.org\/{rel}","templated":true}]}}