{"id":516,"date":"2022-06-15T11:40:52","date_gmt":"2022-06-15T09:40:52","guid":{"rendered":"https:\/\/sam-sante.org\/?page_id=516"},"modified":"2026-02-04T16:35:54","modified_gmt":"2026-02-04T15:35:54","slug":"service-operationnel","status":"publish","type":"page","link":"https:\/\/ugessap.org\/?page_id=516","title":{"rendered":"le service d&rsquo;assistance m\u00e9dicale"},"content":{"rendered":"\n<p class=\"has-vivid-cyan-blue-color has-text-color\"><strong><span style=\"\"><b>m\u00e9dicalisation d&rsquo;\u00e9v\u00e9nements sportifs et culturels. site en construction. vous pouvez nous contacter<\/b><\/span> pour vos demandes<\/strong><\/p>\n\n\n\n<hr class=\"wp-block-separator is-style-wide\"\/>\n\n\n\n<p><mark style=\"background-color:rgba(0, 0, 0, 0)\" class=\"has-inline-color has-white-color\">tags : secouriste secouristes PSE IDE infirmier infirmiers infirmi\u00e8re infirmi\u00e8res m\u00e9decin  urgentiste m\u00e9decins urgentistes urgentiste ambulance ambulances r\u00e9animation soins non programm\u00e9s ASSU VPSP AR VLSM VLM VLSP VLI<\/mark><\/p>\n","protected":false},"excerpt":{"rendered":"<p>m\u00e9dicalisation d&rsquo;\u00e9v\u00e9nements sportifs et culturels. site en construction. vous pouvez nous contacter pour vos demandes tags : secouriste secouristes PSE IDE infirmier infirmiers infirmi\u00e8re infirmi\u00e8res m\u00e9decin urgentiste m\u00e9decins urgentistes urgentiste ambulance ambulances r\u00e9animation soins non programm\u00e9s ASSU VPSP AR VLSM VLM VLSP VLI<\/p>\n","protected":false},"author":1,"featured_media":0,"parent":0,"menu_order":0,"comment_status":"closed","ping_status":"closed","template":"","meta":[],"_links":{"self":[{"href":"https:\/\/ugessap.org\/index.php?rest_route=\/wp\/v2\/pages\/516"}],"collection":[{"href":"https:\/\/ugessap.org\/index.php?rest_route=\/wp\/v2\/pages"}],"about":[{"href":"https:\/\/ugessap.org\/index.php?rest_route=\/wp\/v2\/types\/page"}],"author":[{"embeddable":true,"href":"https:\/\/ugessap.org\/index.php?rest_route=\/wp\/v2\/users\/1"}],"replies":[{"embeddable":true,"href":"https:\/\/ugessap.org\/index.php?rest_route=%2Fwp%2Fv2%2Fcomments&post=516"}],"version-history":[{"count":46,"href":"https:\/\/ugessap.org\/index.php?rest_route=\/wp\/v2\/pages\/516\/revisions"}],"predecessor-version":[{"id":1117,"href":"https:\/\/ugessap.org\/index.php?rest_route=\/wp\/v2\/pages\/516\/revisions\/1117"}],"wp:attachment":[{"href":"https:\/\/ugessap.org\/index.php?rest_route=%2Fwp%2Fv2%2Fmedia&parent=516"}],"curies":[{"name":"wp","href":"https:\/\/api.w.org\/{rel}","templated":true}]}}